{"id":1696,"date":"2022-07-27T08:10:06","date_gmt":"2022-07-27T08:10:06","guid":{"rendered":"https:\/\/solidground.churnings.com\/digital-transformation-management\/"},"modified":"2022-09-30T10:58:28","modified_gmt":"2022-09-30T10:58:28","slug":"digital-transformation-management","status":"publish","type":"page","link":"https:\/\/solidground.group\/de\/digital-transformation-management","title":{"rendered":"Digital Transformation Management"},"content":{"rendered":"\t\t<div data-elementor-type=\"wp-page\" data-elementor-id=\"1696\" class=\"elementor elementor-1696 elementor-1298\" data-elementor-post-type=\"page\">\n\t\t\t\t\t\t<section class=\"elementor-section elementor-top-section elementor-element elementor-element-59b953f elementor-section-full_width elementor-section-height-min-height elementor-section-height-default elementor-section-items-middle\" data-id=\"59b953f\" data-element_type=\"section\" data-e-type=\"section\" data-settings=\"{&quot;background_background&quot;:&quot;classic&quot;}\">\n\t\t\t\t\t\t<div class=\"elementor-container elementor-column-gap-default\">\n\t\t\t\t\t<div class=\"elementor-column elementor-col-100 elementor-top-column elementor-element elementor-element-60b63bc\" data-id=\"60b63bc\" data-element_type=\"column\" data-e-type=\"column\">\n\t\t\t<div class=\"elementor-widget-wrap elementor-element-populated\">\n\t\t\t\t\t\t<section class=\"elementor-section elementor-inner-section elementor-element elementor-element-43a498f elementor-section-content-middle elementor-section-boxed elementor-section-height-default elementor-section-height-default\" data-id=\"43a498f\" data-element_type=\"section\" data-e-type=\"section\">\n\t\t\t\t\t\t<div class=\"elementor-container elementor-column-gap-default\">\n\t\t\t\t\t<div class=\"elementor-column elementor-col-50 elementor-inner-column elementor-element elementor-element-d0c1c1e\" data-id=\"d0c1c1e\" data-element_type=\"column\" data-e-type=\"column\">\n\t\t\t<div class=\"elementor-widget-wrap elementor-element-populated\">\n\t\t\t\t\t\t<div class=\"elementor-element elementor-element-c18992a elementor-widget elementor-widget-heading\" data-id=\"c18992a\" data-element_type=\"widget\" data-e-type=\"widget\" data-widget_type=\"heading.default\">\n\t\t\t\t<div class=\"elementor-widget-container\">\n\t\t\t\t\t<h2 class=\"elementor-heading-title elementor-size-default\">Digital Transformation Management<\/h2>\t\t\t\t<\/div>\n\t\t\t\t<\/div>\n\t\t\t\t\t<\/div>\n\t\t<\/div>\n\t\t\t\t<div class=\"elementor-column elementor-col-50 elementor-inner-column elementor-element elementor-element-af90ed7\" data-id=\"af90ed7\" data-element_type=\"column\" data-e-type=\"column\">\n\t\t\t<div class=\"elementor-widget-wrap elementor-element-populated\">\n\t\t\t\t\t\t<div class=\"elementor-element elementor-element-6e5b5e0 elementor-widget elementor-widget-image\" data-id=\"6e5b5e0\" data-element_type=\"widget\" data-e-type=\"widget\" data-widget_type=\"image.default\">\n\t\t\t\t<div class=\"elementor-widget-container\">\n\t\t\t\t\t\t\t\t\t\t\t\t\t\t\t<img decoding=\"async\" src=\"https:\/\/solidground.group\/wp-content\/uploads\/elementor\/thumbs\/digital-transformation-1-psfilrjaonjpcb7dbhf80w9jg6gtov7u0weohoadhc.png\" title=\"digital-transformation\" alt=\"digital-transformation\" loading=\"lazy\" \/>\t\t\t\t\t\t\t\t\t\t\t\t\t\t\t<\/div>\n\t\t\t\t<\/div>\n\t\t\t\t\t<\/div>\n\t\t<\/div>\n\t\t\t\t\t<\/div>\n\t\t<\/section>\n\t\t\t\t\t<\/div>\n\t\t<\/div>\n\t\t\t\t\t<\/div>\n\t\t<\/section>\n\t\t\t\t<section class=\"elementor-section elementor-top-section elementor-element elementor-element-1a04f5a elementor-section-boxed elementor-section-height-default elementor-section-height-default\" data-id=\"1a04f5a\" data-element_type=\"section\" data-e-type=\"section\">\n\t\t\t\t\t\t<div class=\"elementor-container elementor-column-gap-default\">\n\t\t\t\t\t<div class=\"elementor-column elementor-col-100 elementor-top-column elementor-element elementor-element-10386d5\" data-id=\"10386d5\" data-element_type=\"column\" data-e-type=\"column\">\n\t\t\t<div class=\"elementor-widget-wrap elementor-element-populated\">\n\t\t\t\t\t\t<section class=\"elementor-section elementor-inner-section elementor-element elementor-element-5507e0b elementor-section-boxed elementor-section-height-default elementor-section-height-default\" data-id=\"5507e0b\" data-element_type=\"section\" data-e-type=\"section\">\n\t\t\t\t\t\t<div class=\"elementor-container elementor-column-gap-default\">\n\t\t\t\t\t<div class=\"elementor-column elementor-col-100 elementor-inner-column elementor-element elementor-element-dc094b3\" data-id=\"dc094b3\" data-element_type=\"column\" data-e-type=\"column\">\n\t\t\t<div class=\"elementor-widget-wrap elementor-element-populated\">\n\t\t\t\t\t\t<div class=\"elementor-element elementor-element-2a2590b elementor-widget elementor-widget-text-editor\" data-id=\"2a2590b\" data-element_type=\"widget\" data-e-type=\"widget\" data-widget_type=\"text-editor.default\">\n\t\t\t\t<div class=\"elementor-widget-container\">\n\t\t\t\t\t\t\t\t\tNeue Technologien entwickeln sich rasant , aber wie k\u00f6nnen diese einen wirklich werthaltigen Beitrag zur Erreichung der Unternehmensziele leisten? Bei der Beantwortung genau dieser Frage unterst\u00fctzen wir Ihr Unternehmen. \n<br><br>\n \n\nWir begleiten Unternehmen und F\u00fchrungskr\u00e4fte mit umfassender Expertise in Form von bew\u00e4hrten Methoden und auf Basis von Jahrzehnten an praktischer Erfahrung, um die Digitale Transformation in Ihre Strategie konkret zu integrieren. \n<br><br>\n \n\nUnser Anliegen ist es, gemeinsam mit Ihnen ein Zukunftsbild und im Anschluss daran den Weg dorthin zu entwickeln. Am Ende des Prozesses steht die ganzheitliche Nutzung der sich durch die Technologien bietenden Chancen. \n<br><br>\n \n\nGemeinsam machen wir Ihr Unternehmen f\u00fcr die digitale Zukunft fit. \u00dcber das Verst\u00e4ndnis vom derzeitigen Status, das Ziel &amp; den Weg dorthin und die Identifikation geeigneter Technologien werden wir Ihr Unternehmen in diesem Prozess begleiten. \t\t\t\t\t\t\t\t<\/div>\n\t\t\t\t<\/div>\n\t\t\t\t\t<\/div>\n\t\t<\/div>\n\t\t\t\t\t<\/div>\n\t\t<\/section>\n\t\t\t\t\t<\/div>\n\t\t<\/div>\n\t\t\t\t\t<\/div>\n\t\t<\/section>\n\t\t\t\t<\/div>\n\t\t","protected":false},"excerpt":{"rendered":"<p>Digital Transformation Management Neue Technologien entwickeln sich rasant , aber wie k\u00f6nnen diese einen wirklich werthaltigen Beitrag zur Erreichung der Unternehmensziele leisten? Bei der Beantwortung genau dieser Frage unterst\u00fctzen wir [&hellip;]<\/p>\n","protected":false},"author":1,"featured_media":0,"parent":0,"menu_order":0,"comment_status":"closed","ping_status":"closed","template":"elementor_header_footer","meta":{"_acf_changed":false,"footnotes":""},"class_list":["post-1696","page","type-page","status-publish","hentry"],"acf":[],"_links":{"self":[{"href":"https:\/\/solidground.group\/de\/wp-json\/wp\/v2\/pages\/1696","targetHints":{"allow":["GET"]}}],"collection":[{"href":"https:\/\/solidground.group\/de\/wp-json\/wp\/v2\/pages"}],"about":[{"href":"https:\/\/solidground.group\/de\/wp-json\/wp\/v2\/types\/page"}],"author":[{"embeddable":true,"href":"https:\/\/solidground.group\/de\/wp-json\/wp\/v2\/users\/1"}],"replies":[{"embeddable":true,"href":"https:\/\/solidground.group\/de\/wp-json\/wp\/v2\/comments?post=1696"}],"version-history":[{"count":8,"href":"https:\/\/solidground.group\/de\/wp-json\/wp\/v2\/pages\/1696\/revisions"}],"predecessor-version":[{"id":2686,"href":"https:\/\/solidground.group\/de\/wp-json\/wp\/v2\/pages\/1696\/revisions\/2686"}],"wp:attachment":[{"href":"https:\/\/solidground.group\/de\/wp-json\/wp\/v2\/media?parent=1696"}],"curies":[{"name":"wp","href":"https:\/\/api.w.org\/{rel}","templated":true}]}}