{"id":2294,"date":"2022-07-27T07:14:19","date_gmt":"2022-07-27T07:14:19","guid":{"rendered":"https:\/\/solidground.churnings.com\/change-management\/"},"modified":"2022-09-29T13:21:26","modified_gmt":"2022-09-29T13:21:26","slug":"change-management","status":"publish","type":"page","link":"https:\/\/solidground.group\/de\/change-management","title":{"rendered":"Change Management"},"content":{"rendered":"\t\t<div data-elementor-type=\"wp-page\" data-elementor-id=\"2294\" class=\"elementor elementor-2294 elementor-1236\" data-elementor-post-type=\"page\">\n\t\t\t\t\t\t<section class=\"elementor-section elementor-top-section elementor-element elementor-element-6a29e45 elementor-section-full_width elementor-section-height-min-height elementor-section-height-default elementor-section-items-middle\" data-id=\"6a29e45\" data-element_type=\"section\" data-e-type=\"section\" data-settings=\"{&quot;background_background&quot;:&quot;classic&quot;}\">\n\t\t\t\t\t\t<div class=\"elementor-container elementor-column-gap-default\">\n\t\t\t\t\t<div class=\"elementor-column elementor-col-100 elementor-top-column elementor-element elementor-element-d089729\" data-id=\"d089729\" data-element_type=\"column\" data-e-type=\"column\">\n\t\t\t<div class=\"elementor-widget-wrap elementor-element-populated\">\n\t\t\t\t\t\t<section class=\"elementor-section elementor-inner-section elementor-element elementor-element-570809d elementor-section-content-middle elementor-section-boxed elementor-section-height-default elementor-section-height-default\" data-id=\"570809d\" data-element_type=\"section\" data-e-type=\"section\">\n\t\t\t\t\t\t<div class=\"elementor-container elementor-column-gap-default\">\n\t\t\t\t\t<div class=\"elementor-column elementor-col-50 elementor-inner-column elementor-element elementor-element-78aab9f\" data-id=\"78aab9f\" data-element_type=\"column\" data-e-type=\"column\">\n\t\t\t<div class=\"elementor-widget-wrap elementor-element-populated\">\n\t\t\t\t\t\t<div class=\"elementor-element elementor-element-a41bd58 elementor-widget elementor-widget-heading\" data-id=\"a41bd58\" data-element_type=\"widget\" data-e-type=\"widget\" data-widget_type=\"heading.default\">\n\t\t\t\t<div class=\"elementor-widget-container\">\n\t\t\t\t\t<h2 class=\"elementor-heading-title elementor-size-default\">Change Management<\/h2>\t\t\t\t<\/div>\n\t\t\t\t<\/div>\n\t\t\t\t\t<\/div>\n\t\t<\/div>\n\t\t\t\t<div class=\"elementor-column elementor-col-50 elementor-inner-column elementor-element elementor-element-8769c95\" data-id=\"8769c95\" data-element_type=\"column\" data-e-type=\"column\">\n\t\t\t<div class=\"elementor-widget-wrap elementor-element-populated\">\n\t\t\t\t\t\t<div class=\"elementor-element elementor-element-814dc49 elementor-widget elementor-widget-image\" data-id=\"814dc49\" data-element_type=\"widget\" data-e-type=\"widget\" data-widget_type=\"image.default\">\n\t\t\t\t<div class=\"elementor-widget-container\">\n\t\t\t\t\t\t\t\t\t\t\t\t\t\t\t<img decoding=\"async\" width=\"166\" height=\"171\" src=\"https:\/\/solidground.group\/wp-content\/uploads\/2022\/08\/change-management.png\" class=\"attachment-full size-full wp-image-1627\" alt=\"Change Management\" \/>\t\t\t\t\t\t\t\t\t\t\t\t\t\t\t<\/div>\n\t\t\t\t<\/div>\n\t\t\t\t\t<\/div>\n\t\t<\/div>\n\t\t\t\t\t<\/div>\n\t\t<\/section>\n\t\t\t\t\t<\/div>\n\t\t<\/div>\n\t\t\t\t\t<\/div>\n\t\t<\/section>\n\t\t\t\t<section class=\"elementor-section elementor-top-section elementor-element elementor-element-964cc00 elementor-section-boxed elementor-section-height-default elementor-section-height-default\" data-id=\"964cc00\" data-element_type=\"section\" data-e-type=\"section\">\n\t\t\t\t\t\t<div class=\"elementor-container elementor-column-gap-default\">\n\t\t\t\t\t<div class=\"elementor-column elementor-col-100 elementor-top-column elementor-element elementor-element-06b37ed\" data-id=\"06b37ed\" data-element_type=\"column\" data-e-type=\"column\">\n\t\t\t<div class=\"elementor-widget-wrap elementor-element-populated\">\n\t\t\t\t\t\t<section class=\"elementor-section elementor-inner-section elementor-element elementor-element-6e570df elementor-section-boxed elementor-section-height-default elementor-section-height-default\" data-id=\"6e570df\" data-element_type=\"section\" data-e-type=\"section\">\n\t\t\t\t\t\t<div class=\"elementor-container elementor-column-gap-default\">\n\t\t\t\t\t<div class=\"elementor-column elementor-col-100 elementor-inner-column elementor-element elementor-element-d84cad6\" data-id=\"d84cad6\" data-element_type=\"column\" data-e-type=\"column\">\n\t\t\t<div class=\"elementor-widget-wrap elementor-element-populated\">\n\t\t\t\t\t\t<div class=\"elementor-element elementor-element-129232e elementor-widget elementor-widget-text-editor\" data-id=\"129232e\" data-element_type=\"widget\" data-e-type=\"widget\" data-widget_type=\"text-editor.default\">\n\t\t\t\t<div class=\"elementor-widget-container\">\n\t\t\t\t\t\t\t\t\tWir bieten unseren Kunden Change Management in allen Kernbereichen von der Prozessberatung \u00fcber Restrukturierung \/ Reorganisation bis hin zur Strategieberatung \/ Internationalisierung an.\n<br><br>\nWir unterst\u00fctzen Unternehmen und F\u00fchrungskr\u00e4fte mit umfassender Expertise zu Gesch\u00e4ftsmodellen, Organisationsstrukturen, Prozessen und Systemen, um ihre Organisationen erfolgreich f\u00fcr die Zukunft auszurichten.\n<br><br>\nUnser Anliegen ist es, Ihr Unternehmen mit all seinen Interdependenzen in seiner ganzen Komplexit\u00e4t zu betrachten. Deshalb integrieren wir die Unternehmensentwicklung in sinnvolle Strategien und initiieren ganzheitliche Unternehmensentwicklungsprozesse. Deshalb begleiten wir gerne von der Unternehmenskonzeption \u00fcber die Verankerung in Prozessen und Systemen bis hin zum Change Management und Training von F\u00fchrungskr\u00e4ften und Mitarbeitern. \n<br><br>\nDeshalb begleiten wir gerne von der Unternehmenskonzeption \u00fcber die Verankerung in Prozessen und Systemen bis hin zum Change Management und Training von F\u00fchrungskr\u00e4ften und Mitarbeitern.\t\t\t\t\t\t\t\t<\/div>\n\t\t\t\t<\/div>\n\t\t\t\t\t<\/div>\n\t\t<\/div>\n\t\t\t\t\t<\/div>\n\t\t<\/section>\n\t\t\t\t<section class=\"elementor-section elementor-inner-section elementor-element elementor-element-89ab3f8 elementor-section-boxed elementor-section-height-default elementor-section-height-default\" data-id=\"89ab3f8\" data-element_type=\"section\" data-e-type=\"section\">\n\t\t\t\t\t\t<div class=\"elementor-container elementor-column-gap-default\">\n\t\t\t\t\t<div class=\"elementor-column elementor-col-100 elementor-inner-column elementor-element elementor-element-a9b6c58\" data-id=\"a9b6c58\" data-element_type=\"column\" data-e-type=\"column\">\n\t\t\t<div class=\"elementor-widget-wrap elementor-element-populated\">\n\t\t\t\t\t\t<div class=\"elementor-element elementor-element-4cf888d elementor-widget elementor-widget-heading\" data-id=\"4cf888d\" data-element_type=\"widget\" data-e-type=\"widget\" data-widget_type=\"heading.default\">\n\t\t\t\t<div class=\"elementor-widget-container\">\n\t\t\t\t\t<h4 class=\"elementor-heading-title elementor-size-default\">Restrukturierung<\/h4>\t\t\t\t<\/div>\n\t\t\t\t<\/div>\n\t\t\t\t<div class=\"elementor-element elementor-element-f80fa43 elementor-widget elementor-widget-text-editor\" data-id=\"f80fa43\" data-element_type=\"widget\" data-e-type=\"widget\" data-widget_type=\"text-editor.default\">\n\t\t\t\t<div class=\"elementor-widget-container\">\n\t\t\t\t\t\t\t\t\tNicht nur in der Krise sorgen unsere Restrukturierungs- und Sanierungsma\u00dfnahmen f\u00fcr eine Verbesserung der Organisationsstruktur, der Gesch\u00e4ftslage oder der Marktposition Ihres Unternehmens.\t\t\t\t\t\t\t\t<\/div>\n\t\t\t\t<\/div>\n\t\t\t\t<div class=\"elementor-element elementor-element-20c6309 elementor-widget elementor-widget-image\" data-id=\"20c6309\" data-element_type=\"widget\" data-e-type=\"widget\" data-widget_type=\"image.default\">\n\t\t\t\t<div class=\"elementor-widget-container\">\n\t\t\t\t\t\t\t\t\t\t\t\t\t\t\t<img fetchpriority=\"high\" decoding=\"async\" width=\"3509\" height=\"2481\" src=\"https:\/\/solidground.group\/wp-content\/uploads\/2022\/09\/1a.-SG-Group-Business-verticles-Change-Management_DE.png\" class=\"attachment-full size-full wp-image-2351\" alt=\"\" srcset=\"https:\/\/solidground.group\/wp-content\/uploads\/2022\/09\/1a.-SG-Group-Business-verticles-Change-Management_DE.png 3509w, https:\/\/solidground.group\/wp-content\/uploads\/2022\/09\/1a.-SG-Group-Business-verticles-Change-Management_DE-300x212.png 300w, https:\/\/solidground.group\/wp-content\/uploads\/2022\/09\/1a.-SG-Group-Business-verticles-Change-Management_DE-1024x724.png 1024w, https:\/\/solidground.group\/wp-content\/uploads\/2022\/09\/1a.-SG-Group-Business-verticles-Change-Management_DE-768x543.png 768w, https:\/\/solidground.group\/wp-content\/uploads\/2022\/09\/1a.-SG-Group-Business-verticles-Change-Management_DE-1536x1086.png 1536w, https:\/\/solidground.group\/wp-content\/uploads\/2022\/09\/1a.-SG-Group-Business-verticles-Change-Management_DE-2048x1448.png 2048w, https:\/\/solidground.group\/wp-content\/uploads\/2022\/09\/1a.-SG-Group-Business-verticles-Change-Management_DE-1200x848.png 1200w, https:\/\/solidground.group\/wp-content\/uploads\/2022\/09\/1a.-SG-Group-Business-verticles-Change-Management_DE-1980x1400.png 1980w\" sizes=\"(max-width: 3509px) 100vw, 3509px\" \/>\t\t\t\t\t\t\t\t\t\t\t\t\t\t\t<\/div>\n\t\t\t\t<\/div>\n\t\t\t\t<div class=\"elementor-element elementor-element-b0d6540 elementor-widget elementor-widget-text-editor\" data-id=\"b0d6540\" data-element_type=\"widget\" data-e-type=\"widget\" data-widget_type=\"text-editor.default\">\n\t\t\t\t<div class=\"elementor-widget-container\">\n\t\t\t\t\t\t\t\t\t<p>Unabh\u00e4ngig von der Verfahrensalternative sind wir in der Lage, auch kurzfristig Unterst\u00fctzung zu gew\u00e4hren und bieten gemeinsam mit Partnern ebenfalls StaRUG \u2013 Dienstleistungen an.<\/p><p>StaRUG, das Gesetz zur Restrukturierung und Sanierung von Unternehmen ist seit dem 1. Januar 2021 in Kraft. Das Gesetz er\u00f6ffnet einen neuen Rahmen f\u00fcr sanierungsbed\u00fcrftige Unternehmen,<\/p>\t\t\t\t\t\t\t\t<\/div>\n\t\t\t\t<\/div>\n\t\t\t\t<div class=\"elementor-element elementor-element-cd97710 elementor-widget elementor-widget-text-editor\" data-id=\"cd97710\" data-element_type=\"widget\" data-e-type=\"widget\" data-widget_type=\"text-editor.default\">\n\t\t\t\t<div class=\"elementor-widget-container\">\n\t\t\t\t\t\t\t\t\tDie wichtigsten Merkmale dieses Rahmens lassen sich wie folgt zusammenfassen:\t\t\t\t\t\t\t\t<\/div>\n\t\t\t\t<\/div>\n\t\t\t\t<div class=\"elementor-element elementor-element-631a77c elementor-widget elementor-widget-text-editor\" data-id=\"631a77c\" data-element_type=\"widget\" data-e-type=\"widget\" data-widget_type=\"text-editor.default\">\n\t\t\t\t<div class=\"elementor-widget-container\">\n\t\t\t\t\t\t\t\t\tI. Das StaRUG f\u00fchrt das au\u00dfergerichtliche Sanierungsverfahren und das Insolvenzplanverfahren zusammen Erstmals kann eine fr\u00fchzeitige (pr\u00e4ventive) Sanierung auch au\u00dferhalb der Insolvenz durchgef\u00fchrt werden.\t\t\t\t\t\t\t\t<\/div>\n\t\t\t\t<\/div>\n\t\t\t\t<div class=\"elementor-element elementor-element-3b94007 elementor-widget elementor-widget-text-editor\" data-id=\"3b94007\" data-element_type=\"widget\" data-e-type=\"widget\" data-widget_type=\"text-editor.default\">\n\t\t\t\t<div class=\"elementor-widget-container\">\n\t\t\t\t\t\t\t\t\tDie Hauptmerkmale dieses Frameworks lassen sich wie folgt zusammenfassen:\t\t\t\t\t\t\t\t<\/div>\n\t\t\t\t<\/div>\n\t\t\t\t<div class=\"elementor-element elementor-element-3236854 elementor-widget elementor-widget-text-editor\" data-id=\"3236854\" data-element_type=\"widget\" data-e-type=\"widget\" data-widget_type=\"text-editor.default\">\n\t\t\t\t<div class=\"elementor-widget-container\">\n\t\t\t\t\t\t\t\t\t<ol style=\"list-style-type: upper-roman;\">\n \t<li>Das StaRUG f\u00fchrt das au\u00dfergerichtliche Sanierungsverfahren und das Insolvenzplanverfahren zusammen Erstmals kann eine fr\u00fchzeitige (pr\u00e4ventive) Sanierung auch au\u00dferhalb der Insolvenz durchgef\u00fchrt werden.<\/li>\n \t<li>Die pr\u00e4ventive Sanierung zielt auf die Gestaltung der Passivseite der Bilanz, wobei erwartungsgem\u00e4\u00df die Finanzgl\u00e4ubiger in den Fokus r\u00fccken.<\/li>\n \t<li>Das Unternehmen bestimmt die Form der pr\u00e4ventiven Sanierung.<\/li>\n \t<li> Die pr\u00e4ventive Restrukturierung ist kein Freifahrtschein; je &#8222;h\u00e4rter&#8220; die Restrukturierung, desto gr\u00f6\u00dfer die Zugest\u00e4ndnisse der Gl\u00e4ubiger.<\/li>\n \t<li> Das StaRUG hilft nur, wenn ein ausgewogenes und belastbares Sanierungskonzept vorgelegt und konsequent umgesetzt wird.<\/li>\n<\/ol>\t\t\t\t\t\t\t\t<\/div>\n\t\t\t\t<\/div>\n\t\t\t\t\t<\/div>\n\t\t<\/div>\n\t\t\t\t\t<\/div>\n\t\t<\/section>\n\t\t\t\t\t<\/div>\n\t\t<\/div>\n\t\t\t\t\t<\/div>\n\t\t<\/section>\n\t\t\t\t<\/div>\n\t\t","protected":false},"excerpt":{"rendered":"<p>Change Management Wir bieten unseren Kunden Change Management in allen Kernbereichen von der Prozessberatung \u00fcber Restrukturierung \/ Reorganisation bis hin zur Strategieberatung \/ Internationalisierung an. Wir unterst\u00fctzen Unternehmen und F\u00fchrungskr\u00e4fte [&hellip;]<\/p>\n","protected":false},"author":1,"featured_media":0,"parent":0,"menu_order":0,"comment_status":"closed","ping_status":"closed","template":"elementor_header_footer","meta":{"_acf_changed":false,"footnotes":""},"class_list":["post-2294","page","type-page","status-publish","hentry"],"acf":[],"_links":{"self":[{"href":"https:\/\/solidground.group\/de\/wp-json\/wp\/v2\/pages\/2294","targetHints":{"allow":["GET"]}}],"collection":[{"href":"https:\/\/solidground.group\/de\/wp-json\/wp\/v2\/pages"}],"about":[{"href":"https:\/\/solidground.group\/de\/wp-json\/wp\/v2\/types\/page"}],"author":[{"embeddable":true,"href":"https:\/\/solidground.group\/de\/wp-json\/wp\/v2\/users\/1"}],"replies":[{"embeddable":true,"href":"https:\/\/solidground.group\/de\/wp-json\/wp\/v2\/comments?post=2294"}],"version-history":[{"count":16,"href":"https:\/\/solidground.group\/de\/wp-json\/wp\/v2\/pages\/2294\/revisions"}],"predecessor-version":[{"id":2630,"href":"https:\/\/solidground.group\/de\/wp-json\/wp\/v2\/pages\/2294\/revisions\/2630"}],"wp:attachment":[{"href":"https:\/\/solidground.group\/de\/wp-json\/wp\/v2\/media?parent=2294"}],"curies":[{"name":"wp","href":"https:\/\/api.w.org\/{rel}","templated":true}]}}