{"id":2303,"date":"2022-09-16T11:23:10","date_gmt":"2022-09-16T11:23:10","guid":{"rendered":"https:\/\/solidground.churnings.com\/landwirtschaft\/"},"modified":"2022-09-30T10:48:36","modified_gmt":"2022-09-30T10:48:36","slug":"landwirtschaft","status":"publish","type":"page","link":"https:\/\/solidground.group\/de\/landwirtschaft","title":{"rendered":"Landwirtschaft"},"content":{"rendered":"\t\t<div data-elementor-type=\"wp-page\" data-elementor-id=\"2303\" class=\"elementor elementor-2303 elementor-2136\" data-elementor-post-type=\"page\">\n\t\t\t\t\t\t<section class=\"elementor-section elementor-top-section elementor-element elementor-element-0920ccb elementor-section-full_width elementor-section-height-min-height elementor-section-height-default elementor-section-items-middle\" data-id=\"0920ccb\" data-element_type=\"section\" data-e-type=\"section\" data-settings=\"{&quot;background_background&quot;:&quot;classic&quot;}\">\n\t\t\t\t\t\t<div class=\"elementor-container elementor-column-gap-default\">\n\t\t\t\t\t<div class=\"elementor-column elementor-col-100 elementor-top-column elementor-element elementor-element-7cdcdde\" data-id=\"7cdcdde\" data-element_type=\"column\" data-e-type=\"column\">\n\t\t\t<div class=\"elementor-widget-wrap elementor-element-populated\">\n\t\t\t\t\t\t<section class=\"elementor-section elementor-inner-section elementor-element elementor-element-e524752 elementor-section-content-middle elementor-section-boxed elementor-section-height-default elementor-section-height-default\" data-id=\"e524752\" data-element_type=\"section\" data-e-type=\"section\">\n\t\t\t\t\t\t<div class=\"elementor-container elementor-column-gap-default\">\n\t\t\t\t\t<div class=\"elementor-column elementor-col-50 elementor-inner-column elementor-element elementor-element-c8a9e0a\" data-id=\"c8a9e0a\" data-element_type=\"column\" data-e-type=\"column\">\n\t\t\t<div class=\"elementor-widget-wrap elementor-element-populated\">\n\t\t\t\t\t\t<div class=\"elementor-element elementor-element-7ee938a elementor-widget elementor-widget-heading\" data-id=\"7ee938a\" data-element_type=\"widget\" data-e-type=\"widget\" data-widget_type=\"heading.default\">\n\t\t\t\t<div class=\"elementor-widget-container\">\n\t\t\t\t\t<h2 class=\"elementor-heading-title elementor-size-default\">Landwirtschaft<\/h2>\t\t\t\t<\/div>\n\t\t\t\t<\/div>\n\t\t\t\t\t<\/div>\n\t\t<\/div>\n\t\t\t\t<div class=\"elementor-column elementor-col-50 elementor-inner-column elementor-element elementor-element-6ab955b\" data-id=\"6ab955b\" data-element_type=\"column\" data-e-type=\"column\">\n\t\t\t<div class=\"elementor-widget-wrap elementor-element-populated\">\n\t\t\t\t\t\t<div class=\"elementor-element elementor-element-c4566ba elementor-widget elementor-widget-image\" data-id=\"c4566ba\" data-element_type=\"widget\" data-e-type=\"widget\" data-widget_type=\"image.default\">\n\t\t\t\t<div class=\"elementor-widget-container\">\n\t\t\t\t\t\t\t\t\t\t\t\t\t\t\t<img decoding=\"async\" src=\"https:\/\/solidground.group\/wp-content\/uploads\/2022\/09\/agiculture.svg\" class=\"attachment-full size-full wp-image-2197\" alt=\"\" \/>\t\t\t\t\t\t\t\t\t\t\t\t\t\t\t<\/div>\n\t\t\t\t<\/div>\n\t\t\t\t\t<\/div>\n\t\t<\/div>\n\t\t\t\t\t<\/div>\n\t\t<\/section>\n\t\t\t\t\t<\/div>\n\t\t<\/div>\n\t\t\t\t\t<\/div>\n\t\t<\/section>\n\t\t\t\t<section class=\"elementor-section elementor-top-section elementor-element elementor-element-24ec48a elementor-section-boxed elementor-section-height-default elementor-section-height-default\" data-id=\"24ec48a\" data-element_type=\"section\" data-e-type=\"section\">\n\t\t\t\t\t\t<div class=\"elementor-container elementor-column-gap-default\">\n\t\t\t\t\t<div class=\"elementor-column elementor-col-100 elementor-top-column elementor-element elementor-element-e3a8bf8\" data-id=\"e3a8bf8\" data-element_type=\"column\" data-e-type=\"column\">\n\t\t\t<div class=\"elementor-widget-wrap elementor-element-populated\">\n\t\t\t\t\t\t<section class=\"elementor-section elementor-inner-section elementor-element elementor-element-a848a0d elementor-section-boxed elementor-section-height-default elementor-section-height-default\" data-id=\"a848a0d\" data-element_type=\"section\" data-e-type=\"section\">\n\t\t\t\t\t\t<div class=\"elementor-container elementor-column-gap-default\">\n\t\t\t\t\t<div class=\"elementor-column elementor-col-100 elementor-inner-column elementor-element elementor-element-5fafcc2\" data-id=\"5fafcc2\" data-element_type=\"column\" data-e-type=\"column\">\n\t\t\t<div class=\"elementor-widget-wrap elementor-element-populated\">\n\t\t\t\t\t\t<div class=\"elementor-element elementor-element-822628e elementor-widget elementor-widget-text-editor\" data-id=\"822628e\" data-element_type=\"widget\" data-e-type=\"widget\" data-widget_type=\"text-editor.default\">\n\t\t\t\t<div class=\"elementor-widget-container\">\n\t\t\t\t\t\t\t\t\tDa belastbare und bezahlbare Energie eine Grundvoraussetzung f\u00fcr die moderne Landwirtschaft und Fischzucht ist, sehen wir unser Engagement in diesem Bereich als logische Erweiterung der zu erbringenden Dienstleistungen und der Wertsch\u00f6pfungskette an Wir haben ein Netzwerk von Unternehmen und Experten aufgebaut, welches es uns erlaubt, sowohl im dezentralen als auch netzgebundenen Energieumfeld &#8211; unter Einbringung von neuerster Technologie &#8211; Gesamtl\u00f6sungen anzubieten Alle Netzwerkpartner unterst\u00fctzen unsere Strategie mit Bezug auf den SDG &#8211; Fokus und der Bildung von dezentralen Einheiten Insbesondere mit Blick auf die Nahrungsmittel &#8211; Versorgungssicherheit muss es ein erkl\u00e4rtes Ziel sein, existierende kleine landwirtschaftliche Betriebe in deren Entwicklung hin zu modernen, \u00f6kologischen Betrieben zu unterst\u00fctzen. Unser Netzwerk stellt Wissen und Technologie von der satellitengest\u00fctzten \u00dcberwachung der Bodenqualit\u00e4t und -feuchtigkeit, zum Aufbau lokaler Produktionsst\u00e4tten f\u00fcr organischen D\u00fcnger, von \u201etrain the trainer\u201c Initiativen bis hin zum Aufbau von Infrastrukturen zum Verleih von landwirtschaftlichen Maschinen. Nur wenn wir die Ern\u00e4hrungssicherheit und die Einkommensstrukturen in l\u00e4ndlichen Gebieten verbessern, werden wir einige der dringendsten Herausforderungen unserer Zeit meistern k\u00f6nnen.\t\t\t\t\t\t\t\t<\/div>\n\t\t\t\t<\/div>\n\t\t\t\t\t<\/div>\n\t\t<\/div>\n\t\t\t\t\t<\/div>\n\t\t<\/section>\n\t\t\t\t\t<\/div>\n\t\t<\/div>\n\t\t\t\t\t<\/div>\n\t\t<\/section>\n\t\t\t\t<\/div>\n\t\t","protected":false},"excerpt":{"rendered":"<p>Landwirtschaft Da belastbare und bezahlbare Energie eine Grundvoraussetzung f\u00fcr die moderne Landwirtschaft und Fischzucht ist, sehen wir unser Engagement in diesem Bereich als logische Erweiterung der zu erbringenden Dienstleistungen und [&hellip;]<\/p>\n","protected":false},"author":1,"featured_media":0,"parent":0,"menu_order":0,"comment_status":"closed","ping_status":"closed","template":"elementor_header_footer","meta":{"_acf_changed":false,"footnotes":""},"class_list":["post-2303","page","type-page","status-publish","hentry"],"acf":[],"_links":{"self":[{"href":"https:\/\/solidground.group\/de\/wp-json\/wp\/v2\/pages\/2303","targetHints":{"allow":["GET"]}}],"collection":[{"href":"https:\/\/solidground.group\/de\/wp-json\/wp\/v2\/pages"}],"about":[{"href":"https:\/\/solidground.group\/de\/wp-json\/wp\/v2\/types\/page"}],"author":[{"embeddable":true,"href":"https:\/\/solidground.group\/de\/wp-json\/wp\/v2\/users\/1"}],"replies":[{"embeddable":true,"href":"https:\/\/solidground.group\/de\/wp-json\/wp\/v2\/comments?post=2303"}],"version-history":[{"count":4,"href":"https:\/\/solidground.group\/de\/wp-json\/wp\/v2\/pages\/2303\/revisions"}],"predecessor-version":[{"id":2661,"href":"https:\/\/solidground.group\/de\/wp-json\/wp\/v2\/pages\/2303\/revisions\/2661"}],"wp:attachment":[{"href":"https:\/\/solidground.group\/de\/wp-json\/wp\/v2\/media?parent=2303"}],"curies":[{"name":"wp","href":"https:\/\/api.w.org\/{rel}","templated":true}]}}