{"id":2315,"date":"2022-09-19T07:44:50","date_gmt":"2022-09-19T07:44:50","guid":{"rendered":"https:\/\/solidground.churnings.com\/wasser\/"},"modified":"2022-11-07T13:26:58","modified_gmt":"2022-11-07T13:26:58","slug":"wasser","status":"publish","type":"page","link":"https:\/\/solidground.group\/de\/wasser","title":{"rendered":"Wasser"},"content":{"rendered":"\t\t<div data-elementor-type=\"wp-page\" data-elementor-id=\"2315\" class=\"elementor elementor-2315 elementor-2260\" data-elementor-post-type=\"page\">\n\t\t\t\t\t\t<section class=\"elementor-section elementor-top-section elementor-element elementor-element-e20e7a1 elementor-section-full_width elementor-section-height-min-height elementor-section-height-default elementor-section-items-middle\" data-id=\"e20e7a1\" data-element_type=\"section\" data-e-type=\"section\" data-settings=\"{&quot;background_background&quot;:&quot;classic&quot;}\">\n\t\t\t\t\t\t<div class=\"elementor-container elementor-column-gap-default\">\n\t\t\t\t\t<div class=\"elementor-column elementor-col-100 elementor-top-column elementor-element elementor-element-eddd755\" data-id=\"eddd755\" data-element_type=\"column\" data-e-type=\"column\">\n\t\t\t<div class=\"elementor-widget-wrap elementor-element-populated\">\n\t\t\t\t\t\t<section class=\"elementor-section elementor-inner-section elementor-element elementor-element-b8eab36 elementor-section-content-middle elementor-section-boxed elementor-section-height-default elementor-section-height-default\" data-id=\"b8eab36\" data-element_type=\"section\" data-e-type=\"section\">\n\t\t\t\t\t\t<div class=\"elementor-container elementor-column-gap-default\">\n\t\t\t\t\t<div class=\"elementor-column elementor-col-50 elementor-inner-column elementor-element elementor-element-87de3ba\" data-id=\"87de3ba\" data-element_type=\"column\" data-e-type=\"column\">\n\t\t\t<div class=\"elementor-widget-wrap elementor-element-populated\">\n\t\t\t\t\t\t<div class=\"elementor-element elementor-element-52da20d elementor-widget elementor-widget-heading\" data-id=\"52da20d\" data-element_type=\"widget\" data-e-type=\"widget\" data-widget_type=\"heading.default\">\n\t\t\t\t<div class=\"elementor-widget-container\">\n\t\t\t\t\t<h2 class=\"elementor-heading-title elementor-size-default\">Wasser<\/h2>\t\t\t\t<\/div>\n\t\t\t\t<\/div>\n\t\t\t\t\t<\/div>\n\t\t<\/div>\n\t\t\t\t<div class=\"elementor-column elementor-col-50 elementor-inner-column elementor-element elementor-element-781eaf5\" data-id=\"781eaf5\" data-element_type=\"column\" data-e-type=\"column\">\n\t\t\t<div class=\"elementor-widget-wrap elementor-element-populated\">\n\t\t\t\t\t\t<div class=\"elementor-element elementor-element-994c596 elementor-widget elementor-widget-image\" data-id=\"994c596\" data-element_type=\"widget\" data-e-type=\"widget\" data-widget_type=\"image.default\">\n\t\t\t\t<div class=\"elementor-widget-container\">\n\t\t\t\t\t\t\t\t\t\t\t\t\t\t\t<img fetchpriority=\"high\" decoding=\"async\" width=\"645\" height=\"285\" src=\"https:\/\/solidground.group\/wp-content\/uploads\/2022\/11\/water-icons1-1.png\" class=\"attachment-full size-full wp-image-3116\" alt=\"\" srcset=\"https:\/\/solidground.group\/wp-content\/uploads\/2022\/11\/water-icons1-1.png 645w, https:\/\/solidground.group\/wp-content\/uploads\/2022\/11\/water-icons1-1-300x133.png 300w\" sizes=\"(max-width: 645px) 100vw, 645px\" \/>\t\t\t\t\t\t\t\t\t\t\t\t\t\t\t<\/div>\n\t\t\t\t<\/div>\n\t\t\t\t\t<\/div>\n\t\t<\/div>\n\t\t\t\t\t<\/div>\n\t\t<\/section>\n\t\t\t\t\t<\/div>\n\t\t<\/div>\n\t\t\t\t\t<\/div>\n\t\t<\/section>\n\t\t\t\t<section class=\"elementor-section elementor-top-section elementor-element elementor-element-69c24c2 elementor-section-boxed elementor-section-height-default elementor-section-height-default\" data-id=\"69c24c2\" data-element_type=\"section\" data-e-type=\"section\">\n\t\t\t\t\t\t<div class=\"elementor-container elementor-column-gap-default\">\n\t\t\t\t\t<div class=\"elementor-column elementor-col-100 elementor-top-column elementor-element elementor-element-280088b\" data-id=\"280088b\" data-element_type=\"column\" data-e-type=\"column\">\n\t\t\t<div class=\"elementor-widget-wrap elementor-element-populated\">\n\t\t\t\t\t\t<section class=\"elementor-section elementor-inner-section elementor-element elementor-element-0542428 elementor-section-boxed elementor-section-height-default elementor-section-height-default\" data-id=\"0542428\" data-element_type=\"section\" data-e-type=\"section\">\n\t\t\t\t\t\t<div class=\"elementor-container elementor-column-gap-default\">\n\t\t\t\t\t<div class=\"elementor-column elementor-col-100 elementor-inner-column elementor-element elementor-element-eac2698\" data-id=\"eac2698\" data-element_type=\"column\" data-e-type=\"column\">\n\t\t\t<div class=\"elementor-widget-wrap elementor-element-populated\">\n\t\t\t\t\t\t<div class=\"elementor-element elementor-element-42b84bc elementor-widget elementor-widget-text-editor\" data-id=\"42b84bc\" data-element_type=\"widget\" data-e-type=\"widget\" data-widget_type=\"text-editor.default\">\n\t\t\t\t<div class=\"elementor-widget-container\">\n\t\t\t\t\t\t\t\t\tWasser ist nicht nur elementarer Bestandteil des Lebens \u2013 es ist ein Menschenrecht!\t\t\t\t\t\t\t\t<\/div>\n\t\t\t\t<\/div>\n\t\t\t\t<div class=\"elementor-element elementor-element-6b79fd0 elementor-widget elementor-widget-text-editor\" data-id=\"6b79fd0\" data-element_type=\"widget\" data-e-type=\"widget\" data-widget_type=\"text-editor.default\">\n\t\t\t\t<div class=\"elementor-widget-container\">\n\t\t\t\t\t\t\t\t\t<p>Millionen Menschen leiden unter Wasserknappheit und mangelnder Hygiene. Und das alles wird dramatisch versch\u00e4rft durch die Klimakrise. Der Klimawandel versch\u00e4rft insgesamt die Wasserknappheit und kann die Konkurrenz um die begrenzten Wasserressourcen noch verst\u00e4rken.<\/p><p><a href=\"https:\/\/www.unicef.de\/informieren\/projekte\/unicef-ziele-110800\/trinkwasser-111260\/wasser-wirkt\/11876\" target=\"_blank\" rel=\"noopener\">Der Zugang zu sauberem Wasser und Hygiene ist essentiell f\u00fcr \u00dcberleben und Entwicklung<\/a> \u2013 ganz besonders f\u00fcr kleine Kinder. &#8222;Wasser und Sanit\u00e4rversorgung f\u00fcr alle&#8220; lautet demnach das sechste der <a href=\"https:\/\/www.unicef.de\/informieren\/ueber-uns\/unicef-international\/neue-entwicklungsziele\/entwicklungsziele-verstaendlich-erklaert\" target=\"_blank\" rel=\"noopener\">UN-Ziele f\u00fcr nachhaltige Entwicklung (SDGs)<\/a>. Doch davon sind wir weit entfernt.<\/p><p>Rund 2,2 Milliarden Menschen weltweit haben keinen regelm\u00e4\u00dfigen Zugang zu sauberem Wasser. Rund 785 Millionen Menschen haben noch nicht einmal eine Grundversorgung mit Trinkwasser. Im Jahr 2040 werden Sch\u00e4tzungen zufolge fast 600 Millionen Kinder in Gegenden ohne ausreichenden Zugang zu Wasser leben.<\/p><p>Dabei sind mehr als zwei Drittel der Erde von Wasser bedeckt, allerdings sind nur weniger als drei Prozent davon trinkbar. Sch\u00e4tzungsweise 3,6 Milliarden Menschen leben heute in Gebieten, die mindestens einen Monat pro Jahr extrem wasserarm sind. Laut einer <a href=\"https:\/\/www.unicef.de\/informieren\/aktuelles\/presse\/-\/jedes-fuenfte-kind-ohne-ausreichend-wasser\/276900\" target=\"_blank\" rel=\"noopener\">Untersuchung von UNICEF<\/a> leben weltweit mehr als 1,42 Milliarden Menschen in Gebieten mit insgesamt hoher oder extrem hoher Wasserunsicherheit, darunter 450 Millionen Kinder.<\/p><p>Was n\u00fctzt es, wenn es zwar Wasser in der N\u00e4he gibt, es aber aus einem verschmutzten Fluss kommt und voller Krankheitserreger steckt? Ohne sauberes Wasser und Hygiene verbreiten sich Krankheiten besonders schnell. Krankheiten k\u00f6nnen sich so schnell ausbreiten \u2013 eine t\u00f6dliche Gefahr f\u00fcr kleine Kinder. Wasser muss nicht nur sauber, es muss \u201esicher&#8220; sein.<\/p><p>Wassermangel verhindert Schulbildung. Wenn Kinder t\u00e4glich lange Wege gehen m\u00fcssen, um Wasser f\u00fcr die Familie zu holen, verpassen sie oft die Chance, zur Schule zu gehen.<\/p><p>2019 hatten nur etwa 69% der Schulen weltweit grundlegenden Zugang zu Trinkwasser, und nur 66% hatten sanit\u00e4re Anlagen. Rund 900 Millionen Kinder haben an ihrer Schule keinen Zugang zu Hygiene.<\/p>\t\t\t\t\t\t\t\t<\/div>\n\t\t\t\t<\/div>\n\t\t\t\t<div class=\"elementor-element elementor-element-18c4f83 elementor-widget elementor-widget-text-editor\" data-id=\"18c4f83\" data-element_type=\"widget\" data-e-type=\"widget\" data-widget_type=\"text-editor.default\">\n\t\t\t\t<div class=\"elementor-widget-container\">\n\t\t\t\t\t\t\t\t\tUnser Beitrag zur Probleml\u00f6sung:\t\t\t\t\t\t\t\t<\/div>\n\t\t\t\t<\/div>\n\t\t\t\t<div class=\"elementor-element elementor-element-b0bdfab elementor-widget elementor-widget-text-editor\" data-id=\"b0bdfab\" data-element_type=\"widget\" data-e-type=\"widget\" data-widget_type=\"text-editor.default\">\n\t\t\t\t<div class=\"elementor-widget-container\">\n\t\t\t\t\t\t\t\t\t<p>Eine wichtige Voraussetzung zur Bereitstellung von ausreichend \u201esicherem\u201c Wasser, in der Folge Trinkwasser genannt, ist das Vorhandensein von elektrischer Energie in ben\u00f6tigter Menge und zu einem bezahlbaren Preis.<\/p><p>Durch die vollst\u00e4ndige Integration von Wasseraufbereitungs- und Wasserentsalzungsanlagen in den \u201ePower&amp;Life Container\u201c k\u00f6nnen wir, Oberfl\u00e4chen- oder Grundwasser vorausgesetzt, die Versorgung mit Trinkwasser gew\u00e4hrleisten. Ebenfalls bieten wir Anlagen zur Aufbereitung von Wasser f\u00fcr die Bew\u00e4sserung im landwirtschaftlichen Umfeld an.<\/p><p>Wir greifen auf bew\u00e4hrte und f\u00fcr den jeweiligen Einsatzzweck und -ort am besten geeignete Technologien unserer Netzwerkpartner zu. Diese zeichnen sich durch Robustheit, einfache Bedienung, Wartungsarmut und somit niedrige Kosten f\u00fcr den Betrieb aus. Im Standard verwenden wir Aufbereitungsanlagen mit einer Kapazit\u00e4t von 0,5 bis 50 m3 Liter pro Stunde. urch die vollst\u00e4ndige \u201ePower&amp;Life Container\u201c &#8211; Integration sind die \u00dcberwachung und die Steuerung der Anlage durch unsere Mitarbeiter m\u00f6glich. Ebenfalls kann der regul\u00e4re Service der Aufbereitungsanlagen im Rahmen des \u201ePower&amp;Life Container\u201c &#8211; Service durchgef\u00fchrt werden.<\/p><p>Mit der Zurverf\u00fcgungstellung von bezahlbarer Energie und bezahlbarem Wasser, insbesondere in netzfernen Gebieten, durch den Einsatz von Erneuerbaren Energien &#8211; Techniken schaffen wir die Grundlage f\u00fcr eine nachhaltige &amp; ressourcenschonende, wirtschaftliche &amp; soziale Entwicklung.<\/p>\t\t\t\t\t\t\t\t<\/div>\n\t\t\t\t<\/div>\n\t\t\t\t<div class=\"elementor-element elementor-element-bd74c1e elementor-widget elementor-widget-image\" data-id=\"bd74c1e\" data-element_type=\"widget\" data-e-type=\"widget\" data-widget_type=\"image.default\">\n\t\t\t\t<div class=\"elementor-widget-container\">\n\t\t\t\t\t\t\t\t\t\t\t\t\t\t\t<img decoding=\"async\" width=\"580\" height=\"411\" src=\"https:\/\/solidground.group\/wp-content\/uploads\/2022\/09\/SG-Group-beyond_energy_DE-1024x725.png\" class=\"attachment-large size-large wp-image-2341\" alt=\"\" srcset=\"https:\/\/solidground.group\/wp-content\/uploads\/2022\/09\/SG-Group-beyond_energy_DE-1024x725.png 1024w, https:\/\/solidground.group\/wp-content\/uploads\/2022\/09\/SG-Group-beyond_energy_DE-300x212.png 300w, https:\/\/solidground.group\/wp-content\/uploads\/2022\/09\/SG-Group-beyond_energy_DE-768x543.png 768w, https:\/\/solidground.group\/wp-content\/uploads\/2022\/09\/SG-Group-beyond_energy_DE-1536x1087.png 1536w, https:\/\/solidground.group\/wp-content\/uploads\/2022\/09\/SG-Group-beyond_energy_DE-2048x1449.png 2048w, https:\/\/solidground.group\/wp-content\/uploads\/2022\/09\/SG-Group-beyond_energy_DE-1200x849.png 1200w, https:\/\/solidground.group\/wp-content\/uploads\/2022\/09\/SG-Group-beyond_energy_DE-1980x1401.png 1980w\" sizes=\"(max-width: 580px) 100vw, 580px\" \/>\t\t\t\t\t\t\t\t\t\t\t\t\t\t\t<\/div>\n\t\t\t\t<\/div>\n\t\t\t\t\t<\/div>\n\t\t<\/div>\n\t\t\t\t\t<\/div>\n\t\t<\/section>\n\t\t\t\t\t<\/div>\n\t\t<\/div>\n\t\t\t\t\t<\/div>\n\t\t<\/section>\n\t\t\t\t<\/div>\n\t\t","protected":false},"excerpt":{"rendered":"<p>Wasser Wasser ist nicht nur elementarer Bestandteil des Lebens \u2013 es ist ein Menschenrecht! Millionen Menschen leiden unter Wasserknappheit und mangelnder Hygiene. Und das alles wird dramatisch versch\u00e4rft durch die [&hellip;]<\/p>\n","protected":false},"author":1,"featured_media":0,"parent":0,"menu_order":0,"comment_status":"closed","ping_status":"closed","template":"elementor_header_footer","meta":{"_acf_changed":false,"footnotes":""},"class_list":["post-2315","page","type-page","status-publish","hentry"],"acf":[],"_links":{"self":[{"href":"https:\/\/solidground.group\/de\/wp-json\/wp\/v2\/pages\/2315","targetHints":{"allow":["GET"]}}],"collection":[{"href":"https:\/\/solidground.group\/de\/wp-json\/wp\/v2\/pages"}],"about":[{"href":"https:\/\/solidground.group\/de\/wp-json\/wp\/v2\/types\/page"}],"author":[{"embeddable":true,"href":"https:\/\/solidground.group\/de\/wp-json\/wp\/v2\/users\/1"}],"replies":[{"embeddable":true,"href":"https:\/\/solidground.group\/de\/wp-json\/wp\/v2\/comments?post=2315"}],"version-history":[{"count":19,"href":"https:\/\/solidground.group\/de\/wp-json\/wp\/v2\/pages\/2315\/revisions"}],"predecessor-version":[{"id":3121,"href":"https:\/\/solidground.group\/de\/wp-json\/wp\/v2\/pages\/2315\/revisions\/3121"}],"wp:attachment":[{"href":"https:\/\/solidground.group\/de\/wp-json\/wp\/v2\/media?parent=2315"}],"curies":[{"name":"wp","href":"https:\/\/api.w.org\/{rel}","templated":true}]}}